{"id":3,"date":"2024-02-27T09:19:18","date_gmt":"2024-02-27T08:19:18","guid":{"rendered":"http:\/\/pod-vyhlidkou.cz\/?page_id=3"},"modified":"2024-04-22T16:28:55","modified_gmt":"2024-04-22T14:28:55","slug":"ochrana-osobnich-udaju","status":"publish","type":"page","link":"https:\/\/pod-vyhlidkou.cz\/?page_id=3","title":{"rendered":"Z\u00e1sady ochrany osobn\u00edch \u00fadaj\u016f"},"content":{"rendered":"\r\n<h2 class=\"wp-block-heading\">Pr\u00e1vn\u00ed r\u00e1mec ochrany osobn\u00edch \u00fadaj\u016f<\/h2>\r\n\r\n\r\n\r\n<p>P\u0159i zpracov\u00e1n\u00ed Va\u0161ich osobn\u00edch \u00fadaj\u016f se \u0159\u00edd\u00edme platn\u00fdmi pr\u00e1vn\u00edmi p\u0159edpisy, zejm\u00e9na Na\u0159\u00edzen\u00edm Evropsk\u00e9ho parlamentu a Rady (EU) 2016\/679 ze dne 27. dubna 2016 o ochran\u011b fyzick\u00fdch osob v souvislosti se zpracov\u00e1n\u00edm osobn\u00edch \u00fadaj\u016f a o voln\u00e9m pohybu t\u011bchto \u00fadaj\u016f a o zru\u0161en\u00ed sm\u011brnice 95\/46\/ES (obecn\u00e9 na\u0159\u00edzen\u00ed o ochran\u011b osobn\u00edch \u00fadaj\u016f) a z\u00e1konem \u010d. 110\/2019 Sb. o zpracov\u00e1n\u00ed osobn\u00edch \u00fadaj\u016f.<\/p>\r\n<p>Osobn\u00edmi \u00fadaji se rozum\u00ed ve\u0161ker\u00e9 informace o fyzick\u00e9 osob\u011b (na\u0161em z\u00e1kazn\u00edkovi) (d\u00e1le tak\u00e9 jen \u201esubjekt \u00fadaj\u016f\u201c), kterou lze na z\u00e1klad\u011b toho p\u0159\u00edmo \u010di nep\u0159\u00edmo identifikovat, nap\u0159\u00edklad jm\u00e9no, p\u0159\u00edjmen\u00ed, adresa, loka\u010dn\u00ed \u00fadaje\u2026<\/p>\r\n<h2>Spr\u00e1vce osobn\u00edch \u00fadaj\u016f<\/h2>\r\n<p>Spr\u00e1vcem osobn\u00edch \u00fadaj\u016f je na\u0161e spole\u010dnost Salutem Realitn\u00ed III, s.r.o., I\u010cO: 11668628, se s\u00eddlem B\u011blehradsk\u00e1 858\/23, 120 00 Praha 2 \u2013 Vinohrady (d\u00e1le jen \u201espr\u00e1vce\u201c). Spr\u00e1vce nejmenoval pov\u011b\u0159ence pro ochranu osobn\u00edch \u00fadaj\u016f.<\/p>\r\n<p>Na\u0161e dal\u0161\u00ed kontaktn\u00ed \u00fadaje jsou:<\/p>\r\n<ul>\r\n<li>email: \u00a0<a href=\"mailto:info@salutemfund.cz\">info@salutemfund.cz<\/a><\/li>\r\n<li>telefon: <a href=\"tel:+420 778 112 978\">+420 778 112 978<\/a> (k dispozici ka\u017ed\u00fd pracovn\u00ed den od 9,00 do 16,00)<\/li>\r\n<\/ul>\r\n<h2>P\u0159edm\u011bt zpracov\u00e1n\u00ed<\/h2>\r\n\r\n\r\n\r\n<p>Jako\u017eto spr\u00e1vce zpracov\u00e1v\u00e1me pouze osobn\u00ed \u00fadaje, kter\u00e9 n\u00e1m jako\u017eto subjekt \u00fadaj\u016f poskytnete: Jm\u00e9no, p\u0159\u00edjmen\u00ed, adresa bydli\u0161t\u011b, doru\u010dovac\u00ed adresa, adresa elektronick\u00e9 po\u0161ty, telefonn\u00ed \u010d\u00edslo a dal\u0161\u00ed \u00fadaje, kter\u00e9 n\u00e1m iniciativn\u011b p\u0159ed\u00e1te (budou vypl\u00fdvat z obsahu Va\u0161ich zpr\u00e1v, kter\u00e9 n\u00e1m za\u0161lete).<\/p>\r\n<p>Na\u0161e internetov\u00e9 str\u00e1nky d\u00e1le zaznamen\u00e1vaj\u00ed IP adresu jejich n\u00e1v\u0161t\u011bvn\u00edka a \u010dasov\u00e9 \u00fadaje n\u00e1v\u0161t\u011bvy na\u0161ich internetov\u00fdch str\u00e1nek. Sledujeme tak\u00e9 technick\u00e9 informace, jako je typ prohl\u00ed\u017ee\u010de a rozli\u0161en\u00ed obrazovky za\u0159\u00edzen\u00ed n\u00e1v\u0161t\u011bvn\u00edka na\u0161ich internetov\u00fdch str\u00e1nek, co\u017e n\u00e1m pom\u00e1h\u00e1 optimalizovat n\u00e1\u0161 web<\/p>\r\n\r\n\r\n\r\n<h2 class=\"wp-block-heading\">\u00da\u010del a pr\u00e1vn\u00ed z\u00e1klad zpracov\u00e1n\u00ed osobn\u00edch \u00fadaj\u016f<\/h2>\r\n\r\n\r\n\r\n<p>Va\u0161e osobn\u00ed \u00fadaje zpracov\u00e1v\u00e1me zejm\u00e9na pro n\u00e1sleduj\u00edc\u00ed \u00fa\u010dely:<\/p>\r\n<ul>\r\n<li>Pln\u011bn\u00ed na z\u00e1klad\u011b smlouvy uzav\u0159en\u00e9 se z\u00e1kazn\u00edkem. Osobn\u00ed \u00fadaje jsou nutn\u00e9 pro uzav\u0159en\u00ed smlouvy.<\/li>\r\n<li>Pln\u011bn\u00ed pr\u00e1vn\u00edch povinnost\u00ed, kter\u00e9 se na n\u00e1s vztahuj\u00ed (nap\u0159. archivace dle z\u00e1kona o \u00fa\u010detnictv\u00ed).<\/li>\r\n<li>N\u00e1\u0161 opr\u00e1vn\u011bn\u00fd z\u00e1jem na poskytov\u00e1n\u00ed p\u0159\u00edm\u00e9ho marketingu (zejm\u00e9na pro zas\u00edl\u00e1n\u00ed obchodn\u00edch sd\u011blen\u00ed a newsletter\u016f, v\u017edy v souvislosti s prodejem na\u0161eho zbo\u017e\u00ed nebo slu\u017eeb).<\/li>\r\n<li>Zpracov\u00e1v\u00e1me tak\u00e9 osobn\u00ed \u00fadaje, k jejich\u017e \u00fa\u010delu zpracov\u00e1n\u00ed jste n\u00e1m poskytli sv\u016fj souhlas (v p\u0159\u00edpadech, kdy je souhlas se zpracov\u00e1n\u00edm osobn\u00edch \u00fadaj\u016f nezbytn\u00fd \u2013 nap\u0159. v ostatn\u00edch p\u0159\u00edpadech p\u0159\u00edm\u00e9ho marketingu, ne\u017e je vymezen v p\u0159edchoz\u00edm bod\u011b).<\/li>\r\n<\/ul>\r\n\r\n\r\n\r\n<h2 class=\"wp-block-heading\">Doba ulo\u017een\u00ed osobn\u00edch \u00fadaj\u016f<\/h2>\r\n\r\n\r\n\r\n<p>Osobn\u00ed \u00fadaje zpracov\u00e1v\u00e1me pouze na nezbytn\u011b nutnou dobu, kter\u00e1 se li\u0161\u00ed podle \u00fa\u010delu p\u0159\u00edslu\u0161n\u00e9ho zpracov\u00e1n\u00ed. Va\u0161e osobn\u00ed \u00fadaje zejm\u00e9na zpracov\u00e1v\u00e1me po dobu trv\u00e1n\u00ed \u00fa\u010dink\u016f pr\u00e1v a povinnost\u00ed z na\u0161eho smluvn\u00edho vztahu, nejd\u00e9le v\u0161ak po dobu stanovenou obecn\u011b z\u00e1vazn\u00fdmi pr\u00e1vn\u00edmi p\u0159edpisy. V p\u0159\u00edpad\u011b ud\u011blen\u00ed souhlasu se zpracov\u00e1n\u00edm osobn\u00edch \u00fadaj\u016f zpracov\u00e1v\u00e1me osobn\u00ed \u00fadaje po dobu trv\u00e1n\u00ed \u00fa\u010delu, pro kter\u00fd byl dan\u00fd souhlas ud\u011blen. Osobn\u00ed \u00fadaje v\u0161ak zpracov\u00e1v\u00e1me nejd\u00e9le po dobu 10 let od ukon\u010den\u00ed smluvn\u00edho vztahu se subjektem \u00fadaj\u016f.<\/p>\r\n\r\n\r\n\r\n<h2 class=\"wp-block-heading\">P\u0159ed\u00e1n\u00ed osobn\u00edch \u00fadaj\u016f t\u0159et\u00edm osob\u00e1m<\/h2>\r\n\r\n\r\n\r\n<p>Ochrana Va\u0161ich osobn\u00edch \u00fadaj\u016f je na\u0161\u00ed prioritou. Proto zaji\u0161\u0165ujeme jejich zabezpe\u010den\u00ed, aby nemohlo doj\u00edt k \u00faniku nebo zneu\u017eit\u00ed osobn\u00edch \u00fadaj\u016f, a ani je nikomu neprod\u00e1v\u00e1me. Pro \u0159\u00e1dn\u00e9 pln\u011bn\u00ed na\u0161ich povinnost\u00ed je nicm\u00e9n\u011b nutn\u00e9, abychom p\u0159edali nezbytn\u00e9 osobn\u00ed \u00fadaje i t\u0159et\u00edm subjekt\u016fm \u2013 na\u0161im subdodavatel\u016fm. Jedn\u00e1 se o subjekty, kter\u00e9 se pod\u00edl\u00ed na dod\u00e1n\u00ed zbo\u017e\u00ed a slu\u017eeb z\u00e1kazn\u00edkovi, zaji\u0161\u0165uj\u00ed realizaci plateb, nebo zaji\u0161\u0165uj\u00ed pln\u011bn\u00ed jin\u00fdch z\u00e1konn\u00fdch povinnost\u00ed \u2013 nap\u0159. veden\u00ed \u00fa\u010detnictv\u00ed nebo poskytov\u00e1n\u00ed pr\u00e1vn\u00edch slu\u017eeb. U uveden\u00fdch osob je samoz\u0159ejm\u011b zaru\u010den stejn\u011b vysok\u00fd standard zabezpe\u010den\u00ed Va\u0161ich osobn\u00edch \u00fadaj\u016f. Va\u0161e osobn\u00ed \u00fadaje samoz\u0159ejm\u011b nikdy nep\u0159ed\u00e1v\u00e1me mimo Evropskou unii.<\/p>\r\n\r\n\r\n\r\n<h2 class=\"wp-block-heading\">Va\u0161e pr\u00e1va v souvislosti s ochrannou osobn\u00edch \u00fadaj\u016f<\/h2>\r\n<p>V\u00e1\u0161 souhlas se zpracov\u00e1n\u00edm osobn\u00edch \u00fadaj\u016f m\u016f\u017eete vz\u00edt kdykoliv zp\u011bt. D\u00e1le m\u00e1te pr\u00e1vo od n\u00e1s po\u017eadovat p\u0159\u00edstup k Va\u0161im osobn\u00edm \u00fadaj\u016fm, jejich opravu nebo v\u00fdmaz, p\u0159\u00edpadn\u011b omezen\u00ed zpracov\u00e1n\u00ed. M\u00e1te tak\u00e9 pr\u00e1vo vzn\u00e9st n\u00e1mitku proti zpracov\u00e1n\u00ed osobn\u00edch \u00fadaj\u016f, jako\u017e i pr\u00e1va na p\u0159enositelnost \u00fadaj\u016f.<\/p>\r\n<p>V p\u0159\u00edpad\u011b pochybnost\u00ed o dodr\u017eov\u00e1n\u00ed povinnost\u00ed souvisej\u00edc\u00edch se zpracov\u00e1n\u00edm osobn\u00edch \u00fadaj\u016f se na n\u00e1s m\u016f\u017eete kdykoliv obr\u00e1tit. V\u011b\u0159\u00edme, \u017ee Va\u0161e p\u0159\u00edpadn\u00e9 st\u00ed\u017enosti spolu v\u017edy obratem a k Va\u0161\u00ed spokojenosti vy\u0159e\u0161\u00edme.<\/p>\r\n<p>Na\u0161e kontaktn\u00ed \u00fadaje naleznete v\u00a0\u00favodn\u00ed \u010d\u00e1sti tohoto prohl\u00e1\u0161en\u00ed. V\u00a0p\u0159\u00edpad\u011b, \u017ee budete p\u0159esto n\u00e1zoru, \u017ee s\u00a0Va\u0161imi osobn\u00edmi \u00fadaji nenakl\u00e1d\u00e1me v\u00a0souladu se z\u00e1konem, m\u00e1te pr\u00e1vo podat st\u00ed\u017enost dozorov\u00e9mu \u00fa\u0159adu, kter\u00fdm je \u00da\u0159ad pro ochranu osobn\u00edch \u00fadaj\u016f.<\/p>\r\n","protected":false},"excerpt":{"rendered":"<p>Pr\u00e1vn\u00ed r\u00e1mec ochrany osobn\u00edch \u00fadaj\u016f P\u0159i zpracov\u00e1n\u00ed Va\u0161ich osobn\u00edch \u00fadaj\u016f se \u0159\u00edd\u00edme platn\u00fdmi pr\u00e1vn\u00edmi p\u0159edpisy, zejm\u00e9na Na\u0159\u00edzen\u00edm Evropsk\u00e9ho parlamentu a [&hellip;]<\/p>\n","protected":false},"author":1,"featured_media":0,"parent":0,"menu_order":0,"comment_status":"closed","ping_status":"closed","template":"","meta":{"_acf_changed":false,"inline_featured_image":false,"footnotes":""},"class_list":["post-3","page","type-page","status-publish","hentry"],"acf":[],"yoast_head":"<!-- This site is optimized with the Yoast SEO plugin v27.4 - https:\/\/yoast.com\/product\/yoast-seo-wordpress\/ -->\n<title>Z\u00e1sady ochrany osobn\u00edch \u00fadaj\u016f - Pod Vyhl\u00eddkou<\/title>\n<meta name=\"robots\" content=\"index, follow, max-snippet:-1, max-image-preview:large, max-video-preview:-1\" \/>\n<link rel=\"canonical\" href=\"https:\/\/pod-vyhlidkou.cz\/?page_id=3\" \/>\n<meta property=\"og:locale\" content=\"cs_CZ\" \/>\n<meta property=\"og:type\" content=\"article\" \/>\n<meta property=\"og:title\" content=\"Z\u00e1sady ochrany osobn\u00edch \u00fadaj\u016f - Pod Vyhl\u00eddkou\" \/>\n<meta property=\"og:description\" content=\"Pr\u00e1vn\u00ed r\u00e1mec ochrany osobn\u00edch \u00fadaj\u016f P\u0159i zpracov\u00e1n\u00ed Va\u0161ich osobn\u00edch \u00fadaj\u016f se \u0159\u00edd\u00edme platn\u00fdmi pr\u00e1vn\u00edmi p\u0159edpisy, zejm\u00e9na Na\u0159\u00edzen\u00edm Evropsk\u00e9ho parlamentu a [&hellip;]\" \/>\n<meta property=\"og:url\" content=\"https:\/\/pod-vyhlidkou.cz\/?page_id=3\" \/>\n<meta property=\"og:site_name\" content=\"Pod Vyhl\u00eddkou\" \/>\n<meta property=\"article:modified_time\" content=\"2024-04-22T14:28:55+00:00\" \/>\n<meta name=\"twitter:card\" content=\"summary_large_image\" \/>\n<meta name=\"twitter:label1\" content=\"Odhadovan\u00e1 doba \u010dten\u00ed\" \/>\n\t<meta name=\"twitter:data1\" content=\"4 minuty\" \/>\n<script type=\"application\/ld+json\" class=\"yoast-schema-graph\">{\"@context\":\"https:\\\/\\\/schema.org\",\"@graph\":[{\"@type\":\"WebPage\",\"@id\":\"https:\\\/\\\/pod-vyhlidkou.cz\\\/?page_id=3\",\"url\":\"https:\\\/\\\/pod-vyhlidkou.cz\\\/?page_id=3\",\"name\":\"Z\u00e1sady ochrany osobn\u00edch \u00fadaj\u016f - Pod Vyhl\u00eddkou\",\"isPartOf\":{\"@id\":\"https:\\\/\\\/pod-vyhlidkou.cz\\\/#website\"},\"datePublished\":\"2024-02-27T08:19:18+00:00\",\"dateModified\":\"2024-04-22T14:28:55+00:00\",\"breadcrumb\":{\"@id\":\"https:\\\/\\\/pod-vyhlidkou.cz\\\/?page_id=3#breadcrumb\"},\"inLanguage\":\"cs\",\"potentialAction\":[{\"@type\":\"ReadAction\",\"target\":[\"https:\\\/\\\/pod-vyhlidkou.cz\\\/?page_id=3\"]}]},{\"@type\":\"BreadcrumbList\",\"@id\":\"https:\\\/\\\/pod-vyhlidkou.cz\\\/?page_id=3#breadcrumb\",\"itemListElement\":[{\"@type\":\"ListItem\",\"position\":1,\"name\":\"Home\",\"item\":\"https:\\\/\\\/pod-vyhlidkou.cz\\\/\"},{\"@type\":\"ListItem\",\"position\":2,\"name\":\"Z\u00e1sady ochrany osobn\u00edch \u00fadaj\u016f\"}]},{\"@type\":\"WebSite\",\"@id\":\"https:\\\/\\\/pod-vyhlidkou.cz\\\/#website\",\"url\":\"https:\\\/\\\/pod-vyhlidkou.cz\\\/\",\"name\":\"Pod Vyhl\u00eddkou\",\"description\":\"P\u0159edstavujeme nov\u00e9 rodinn\u00e9 domy na dosah\\u2028p\u0159\u00edrody Pod Vyhl\u00eddkou.\",\"publisher\":{\"@id\":\"https:\\\/\\\/pod-vyhlidkou.cz\\\/#organization\"},\"potentialAction\":[{\"@type\":\"SearchAction\",\"target\":{\"@type\":\"EntryPoint\",\"urlTemplate\":\"https:\\\/\\\/pod-vyhlidkou.cz\\\/?s={search_term_string}\"},\"query-input\":{\"@type\":\"PropertyValueSpecification\",\"valueRequired\":true,\"valueName\":\"search_term_string\"}}],\"inLanguage\":\"cs\"},{\"@type\":\"Organization\",\"@id\":\"https:\\\/\\\/pod-vyhlidkou.cz\\\/#organization\",\"name\":\"Pod Vyhl\u00eddkou\",\"url\":\"https:\\\/\\\/pod-vyhlidkou.cz\\\/\",\"logo\":{\"@type\":\"ImageObject\",\"inLanguage\":\"cs\",\"@id\":\"https:\\\/\\\/pod-vyhlidkou.cz\\\/#\\\/schema\\\/logo\\\/image\\\/\",\"url\":\"https:\\\/\\\/pod-vyhlidkou.cz\\\/wp-content\\\/uploads\\\/2024\\\/02\\\/logo.svg\",\"contentUrl\":\"https:\\\/\\\/pod-vyhlidkou.cz\\\/wp-content\\\/uploads\\\/2024\\\/02\\\/logo.svg\",\"width\":237,\"height\":50,\"caption\":\"Pod Vyhl\u00eddkou\"},\"image\":{\"@id\":\"https:\\\/\\\/pod-vyhlidkou.cz\\\/#\\\/schema\\\/logo\\\/image\\\/\"}}]}<\/script>\n<!-- \/ Yoast SEO plugin. -->","yoast_head_json":{"title":"Z\u00e1sady ochrany osobn\u00edch \u00fadaj\u016f - Pod Vyhl\u00eddkou","robots":{"index":"index","follow":"follow","max-snippet":"max-snippet:-1","max-image-preview":"max-image-preview:large","max-video-preview":"max-video-preview:-1"},"canonical":"https:\/\/pod-vyhlidkou.cz\/?page_id=3","og_locale":"cs_CZ","og_type":"article","og_title":"Z\u00e1sady ochrany osobn\u00edch \u00fadaj\u016f - Pod Vyhl\u00eddkou","og_description":"Pr\u00e1vn\u00ed r\u00e1mec ochrany osobn\u00edch \u00fadaj\u016f P\u0159i zpracov\u00e1n\u00ed Va\u0161ich osobn\u00edch \u00fadaj\u016f se \u0159\u00edd\u00edme platn\u00fdmi pr\u00e1vn\u00edmi p\u0159edpisy, zejm\u00e9na Na\u0159\u00edzen\u00edm Evropsk\u00e9ho parlamentu a [&hellip;]","og_url":"https:\/\/pod-vyhlidkou.cz\/?page_id=3","og_site_name":"Pod Vyhl\u00eddkou","article_modified_time":"2024-04-22T14:28:55+00:00","twitter_card":"summary_large_image","twitter_misc":{"Odhadovan\u00e1 doba \u010dten\u00ed":"4 minuty"},"schema":{"@context":"https:\/\/schema.org","@graph":[{"@type":"WebPage","@id":"https:\/\/pod-vyhlidkou.cz\/?page_id=3","url":"https:\/\/pod-vyhlidkou.cz\/?page_id=3","name":"Z\u00e1sady ochrany osobn\u00edch \u00fadaj\u016f - Pod Vyhl\u00eddkou","isPartOf":{"@id":"https:\/\/pod-vyhlidkou.cz\/#website"},"datePublished":"2024-02-27T08:19:18+00:00","dateModified":"2024-04-22T14:28:55+00:00","breadcrumb":{"@id":"https:\/\/pod-vyhlidkou.cz\/?page_id=3#breadcrumb"},"inLanguage":"cs","potentialAction":[{"@type":"ReadAction","target":["https:\/\/pod-vyhlidkou.cz\/?page_id=3"]}]},{"@type":"BreadcrumbList","@id":"https:\/\/pod-vyhlidkou.cz\/?page_id=3#breadcrumb","itemListElement":[{"@type":"ListItem","position":1,"name":"Home","item":"https:\/\/pod-vyhlidkou.cz\/"},{"@type":"ListItem","position":2,"name":"Z\u00e1sady ochrany osobn\u00edch \u00fadaj\u016f"}]},{"@type":"WebSite","@id":"https:\/\/pod-vyhlidkou.cz\/#website","url":"https:\/\/pod-vyhlidkou.cz\/","name":"Pod Vyhl\u00eddkou","description":"P\u0159edstavujeme nov\u00e9 rodinn\u00e9 domy na dosah\u2028p\u0159\u00edrody Pod Vyhl\u00eddkou.","publisher":{"@id":"https:\/\/pod-vyhlidkou.cz\/#organization"},"potentialAction":[{"@type":"SearchAction","target":{"@type":"EntryPoint","urlTemplate":"https:\/\/pod-vyhlidkou.cz\/?s={search_term_string}"},"query-input":{"@type":"PropertyValueSpecification","valueRequired":true,"valueName":"search_term_string"}}],"inLanguage":"cs"},{"@type":"Organization","@id":"https:\/\/pod-vyhlidkou.cz\/#organization","name":"Pod Vyhl\u00eddkou","url":"https:\/\/pod-vyhlidkou.cz\/","logo":{"@type":"ImageObject","inLanguage":"cs","@id":"https:\/\/pod-vyhlidkou.cz\/#\/schema\/logo\/image\/","url":"https:\/\/pod-vyhlidkou.cz\/wp-content\/uploads\/2024\/02\/logo.svg","contentUrl":"https:\/\/pod-vyhlidkou.cz\/wp-content\/uploads\/2024\/02\/logo.svg","width":237,"height":50,"caption":"Pod Vyhl\u00eddkou"},"image":{"@id":"https:\/\/pod-vyhlidkou.cz\/#\/schema\/logo\/image\/"}}]}},"_links":{"self":[{"href":"https:\/\/pod-vyhlidkou.cz\/index.php?rest_route=\/wp\/v2\/pages\/3","targetHints":{"allow":["GET"]}}],"collection":[{"href":"https:\/\/pod-vyhlidkou.cz\/index.php?rest_route=\/wp\/v2\/pages"}],"about":[{"href":"https:\/\/pod-vyhlidkou.cz\/index.php?rest_route=\/wp\/v2\/types\/page"}],"author":[{"embeddable":true,"href":"https:\/\/pod-vyhlidkou.cz\/index.php?rest_route=\/wp\/v2\/users\/1"}],"replies":[{"embeddable":true,"href":"https:\/\/pod-vyhlidkou.cz\/index.php?rest_route=%2Fwp%2Fv2%2Fcomments&post=3"}],"version-history":[{"count":5,"href":"https:\/\/pod-vyhlidkou.cz\/index.php?rest_route=\/wp\/v2\/pages\/3\/revisions"}],"predecessor-version":[{"id":334,"href":"https:\/\/pod-vyhlidkou.cz\/index.php?rest_route=\/wp\/v2\/pages\/3\/revisions\/334"}],"wp:attachment":[{"href":"https:\/\/pod-vyhlidkou.cz\/index.php?rest_route=%2Fwp%2Fv2%2Fmedia&parent=3"}],"curies":[{"name":"wp","href":"https:\/\/api.w.org\/{rel}","templated":true}]}}